{"id":1782,"date":"2024-02-12T11:33:41","date_gmt":"2024-02-12T09:33:41","guid":{"rendered":"https:\/\/masoveriadellado.com\/aviso-legal\/"},"modified":"2024-02-16T17:05:51","modified_gmt":"2024-02-16T15:05:51","slug":"aviso-legal","status":"publish","type":"page","link":"https:\/\/masoveriadellado.com\/fr\/aviso-legal\/","title":{"rendered":"Aviso legal"},"content":{"rendered":"\t\t<div data-elementor-type=\"wp-page\" data-elementor-id=\"1782\" class=\"elementor elementor-1782 elementor-1058\">\n\t\t\t\t\t\t<section class=\"elementor-section elementor-top-section elementor-element elementor-element-280446e elementor-section-boxed elementor-section-height-default elementor-section-height-default\" data-id=\"280446e\" data-element_type=\"section\">\n\t\t\t\t\t\t<div class=\"elementor-container elementor-column-gap-default\">\n\t\t\t\t\t<div class=\"elementor-column elementor-col-100 elementor-top-column elementor-element elementor-element-6106186\" data-id=\"6106186\" data-element_type=\"column\">\n\t\t\t<div class=\"elementor-widget-wrap elementor-element-populated\">\n\t\t\t\t\t\t<div class=\"elementor-element elementor-element-5fd6ad6 elementor-widget elementor-widget-heading\" data-id=\"5fd6ad6\" data-element_type=\"widget\" data-widget_type=\"heading.default\">\n\t\t\t\t<div class=\"elementor-widget-container\">\n\t\t\t\t\t<h2 class=\"elementor-heading-title elementor-size-default\">Aviso legal<\/h2>\t\t\t\t<\/div>\n\t\t\t\t<\/div>\n\t\t\t\t\t<\/div>\n\t\t<\/div>\n\t\t\t\t\t<\/div>\n\t\t<\/section>\n\t\t\t\t<section class=\"elementor-section elementor-top-section elementor-element elementor-element-cbf47df elementor-section-boxed elementor-section-height-default elementor-section-height-default\" data-id=\"cbf47df\" data-element_type=\"section\">\n\t\t\t\t\t\t<div class=\"elementor-container elementor-column-gap-default\">\n\t\t\t\t\t<div class=\"elementor-column elementor-col-100 elementor-top-column elementor-element elementor-element-ac0fc89\" data-id=\"ac0fc89\" data-element_type=\"column\">\n\t\t\t<div class=\"elementor-widget-wrap elementor-element-populated\">\n\t\t\t\t\t\t<div class=\"elementor-element elementor-element-bc404c1 elementor-widget elementor-widget-text-editor\" data-id=\"bc404c1\" data-element_type=\"widget\" data-widget_type=\"text-editor.default\">\n\t\t\t\t<div class=\"elementor-widget-container\">\n\t\t\t\t\t\t\t\t\t<p><b>1 . OBJETO<\/b><\/p>\n<p>El presente aviso legal regulo el uso y la utilizaci\u00f3n del sitio web<a href=\"https:\/\/www.masoveriadellado.com\">https:\/\/www.masoveriadellado.com<\/a> (en adelante, LA WEB), del cual es titular ALFONS NOGUERA G\u00dcELL (en adelante, EL PROPIETARIO DE LA WEB).<\/p>\n<p>La navegaci\u00f3n por el sitio web del PROPIETARIO DE LA WEB atribuye la condici\u00f3n de usuario del mismo e implica la aceptaci\u00f3n plena y sin reservas de todas y cada una de las condiciones publicadas en este Aviso Legal, advirtiendo que estas condiciones pueden ser modificadas sin notificaci\u00f3n previa por parte de EL PROPIETARIO DE LA WEB. En este caso, se proceder\u00e1 a su publicaci\u00f3n y aviso con la m\u00e1xima antelaci\u00f3n posible.<\/p>\n<p>Por eso es recomendable leer con atenci\u00f3n el contenido en caso de desear acceder y hacer uso de la informaci\u00f3n y de sus servicios ofrecidos desde este sitio web.<\/p>\n<p>El usuario, adem\u00e1s, se se obliga a hacer un uso correcto del sitio web de conformidad con las leyes, la buena fe, el orden p\u00fabico, los usos del tr\u00e1fico y el presente Aviso Legal, y responder\u00e1, delante de EL PROPIETARIO DE LA WEB o delante de terceros, de cualquier da\u00f1o y perjuicio que pueden causar como consecuencia del incumplimiento de esta obligaci\u00f3n.<\/p>\n<p>Cualquier utilizaci\u00f3n diferente de la autorizada est\u00e1 expresamente prohibida, y EL PROPIETARIO DE LA WEB puede denegar o retirar el acceso y su uso en cualquier momento.<\/p>\n<p><b>2 . IDENTIFICACI\u00d3N<\/b><\/p>\n<p>EL PROPIETARIO DE LA WEB, en cumplimiento de la Ley 34\/2002, del 11 de julio, de servicio de la sociedad informaci\u00f3n y del comercio electr\u00f3nico, le informa que:<\/p>\n<p>Su denominaci\u00f3n social es: ALFONSO NOGUERA G\u00dcELL<\/p>\n<p>Su nombre comercial es: LA MASOVERIA DE LLAD\u00d3<\/p>\n<p>Su CIF es: 40355238-J<\/p>\n<p>Su domicilio social est\u00e1 en: La Casa Nova d\u2019en Pasqual, s\/n \u2013 17745 Llad\u00f3 (Alt Empord\u00e0, Girona)<\/p>\n<p><b>3 . COMUNICACIONES<\/b><\/p>\n<p>Para comunicarse con nosotros, ponemos a su disposici\u00f3n diferentes medios de contacto, que detallamos a continuaci\u00f3n:<\/p>\n<p>Tel\u00e9fono: (+34) 639 508 587 \/ (+34) 618 366 016<\/p>\n<p>Mail: <a href=\"mailto:mariona@masoveriadellado.com\">mariona@masoveriadellado.com<\/a><\/p>\n<p>Todas las notificaciones y comunicaciones entre los usuarios y EL PROPIETARIO DE LA WEB se consideran eficaces, a todos los efectos, cuanto se realicen a trav\u00e9s del correo postal o cualquier otro medio detallado anteriormente.<\/p>\n<p><b>4. CONDICIONES DE ACCESO Y UTILIZACI\u00d3N<\/b><\/p>\n<p>El sitio web y sus servicios son de acceso libres y gratuito; no obstante, EL PROPIETARIO DE LA WEB puede condicionar la utilizaci\u00f3n de algunos de los servicios ofrecidos en su web previo rellenamiento del correspondiente formulario.<\/p>\n<p>El usuario garantiza la autenticidad y actualidad de todos aquellos datos que comunique EL PROPIETARIO DE LA WEB y sera el \u00fanico responsable de las manifestaciones falsas o inexactas que realice.<\/p>\n<p>El usuario se compromete expresamente a hacer un uso adecuado de los contenidos y servicios de EL PROPIETARIO DE LA WEB y a no utilizarlos para, entre otros:<\/p>\n<p>a) Difundir contenidos delictivos, violentos, pornogr\u00e1ficos, racistas, xen\u00f3fobos, ofensivos, de apolog\u00eda del terrorismo o, en general, contrarios a la ley o al orden p\u00fablico.<\/p>\n<p>b) Introducir en la red virus inform\u00e1ticos o realizar actuaciones susceptibles de alterar, malmeter, interrumpir o generar errores o da\u00f1os en los documentos electr\u00f3nicos, datos o sistemas f\u00edsicos y l\u00f3gicos de EL PROPIETARIO DE LA WEB o de terceras personas, as\u00ed como obstaculizar el acceso de otros usuarios al sitio web y a sus servicios mediante el consumo masivo de recursos inform\u00e1ticos a trav\u00e9s de los cuales EL PROPIETARIO DE LA WEB presta sus servicios.<\/p>\n<p>c) Intentar acceder a las cuentas de correo electr\u00f3nico de otros usuarios o a \u00e1reas restringidas de los sistemas inform\u00e1ticos del PROPIETARIOS DE LA WEB o de terceros y, si es necesario, extraer informaci\u00f3n.<\/p>\n<p>d) Vulnerar los derechos del propietario intelectual o industrial, as\u00ed como violar la confidencialidad de la informaci\u00f3n de EL PROPIETARIO DE LA WEB o de terceros.<\/p>\n<p>e) Suplantar la identidad de cualquier otro usuario.<\/p>\n<p>f) Reproducir, copiar, distribuir, poner a disposici\u00f3n de, o de cualquier otra forma, comunicar p\u00fablicamente, transformar o modificar los contenidos, a menos que se cuente con la autorizaci\u00f3n del titular de los correspondientes derechos o esto resulte legalmente permitido.<\/p>\n<p>g) Pedir datos con finalidad publicitaria y remitir publicidad de cualquier clase o comunicaciones con fines de venta u otras de naturaleza comercial sin que haya previa solicitud o consentimiento.<\/p>\n<p>Todos los contenidos del sitio web, como textos, fotograf\u00edas, gr\u00e1ficos, im\u00e1genes, iconos, tecnolog\u00eda y programario, as\u00ed como su dise\u00f1o gr\u00e1fico y su c\u00f3digo fuente, constituyen una obra cuya propiedad pertenece al PROPIETARIO DE LA WEB, sin que se puedan entender cedidos al usuario ninguno de los derechos de explotaci\u00f3n sobre los mismos mas all\u00e1 de lo estrictamente necesario pata el correcto uso de la web.<\/p>\n<p>En definitiva, los usuarios que accedan a este sitio web pueden visualizar los contenidos y efectuar, si es necesario, copias privadas autorizadas siempre que los elementos reproducidos no sean cedidos posteriormente a terceros ni se instalen en servidores conectados a redes, ni sean objeto de ning\u00fan tipo de explotaci\u00f3n.<\/p>\n<p>As\u00ed mismo, todas las marcas, nombres comerciales o signos distintivos de cualquier clase que aparecen en en sitio web son propiedad del PROPIETARIO DE LA WEB, sin que pueda entenderse que el uso o el acceso a \u00e9stos atribuyen al usuario derecho sobre los mismos.<\/p>\n<p>La distribuci\u00f3n, modificaci\u00f3n, cesi\u00f3n o comunicaci\u00f3n p\u00fablica de los contenidos y cualquier otro acto que no haya sido expresamente autorizado por el titular de los derechos de explotaci\u00f3n quedan prohibidos.<\/p>\n<p>El establecimiento de un hiperv\u00ednculo no implica, en ning\u00fan caso, la existencia de relaciones entre EL PROPIETARIO DE LA WEB y el propietario del sitio web al que se establece, ni la aceptaci\u00f3n y aprobaci\u00f3n por parte de EL PROPIETARIO DE LA WEB de sus contenidos o servicios.<\/p>\n<p>EL PROPIETARIO DE LA WEB no se responsabiliza del uso que cada usuario le da a los materiales puestos a disposici\u00f3n en este sitio web ni de las actuaciones que realicen en base a los mismos.<\/p>\n<p><b>4.1. EXCLUSI\u00d3N DE GARANT\u00cdAS Y DE RESPONSABILIDAD EN EL ACCESO Y LA UTILIZACI\u00d3N<\/b><\/p>\n<p>El contenido del presente sitio web es de car\u00e1cter general y tiene una finalidad meramente informativa, sin que se garantice plenamente el acceso a todos los contenidos, ni su exhaustividad, correcci\u00f3n, vigencia o actualidad, ni su idoneidad o utilidad para un objetivo especifico.<\/p>\n<p>EL PROPIETARIO DE LA WEB excluye, hasta donde permite el ordenamiento jur\u00eddico, cualquier responsabilidad por los da\u00f1os y perjuicios de toda naturaleza derivados de:<\/p>\n<p>a) La imposibilidad de acceso al sitio web o la falta de veracidad, exactitud, exclusividad i\/o actualidad de los contenidos, as\u00ed como la existencia de vicios y defectos de toda clase de los contenidos transmitidos, difundidos, almacenados y puestos en disposici\u00f3n a los que se haya accedido a trav\u00e9s del sitio web i de los servicios que se ofrecen.<\/p>\n<p>b) La presencia de virus o de otros elementos en los contenidos que puedan producir alteraciones en el sistema inform\u00e1tico.<\/p>\n<p>c) El incumplimiento de las leyes, la buena fe, el orden p\u00fablico, los usos del tr\u00e1fico y el presente aviso legal como consecuencia del uso incorrecto del sitio web. En particular, y como ejemplo, EL PROPIETARIO DE LA WEB no se hace responsable de las actuaciones de terceros que vulneren derechos de propiedad intelectual e industrial, secretos empresariales y derechos a el honor, a la intimidad personal y familiar y a la propia imagen, as\u00ed como la normativa en materia de competencia desleal y publicitaria il\u00edcita.<\/p>\n<p>As\u00ed mismo, EL PROPIETARIO DE LA WEB declina cualquier responsabilidad respecto a la informaci\u00f3n que se encuentre fuer de esta web y no sea gestionada directamente por nuestro webmaster. La funci\u00f3n de los enlaces que aparecen en esta web es exclusivamente la de informar al usuario sobre la existencia de otras fuentes susceptibles de ampliar el contenido que ofrece este sitio web. EL PROPIETARIO DE LA WEB no garantiza ni se responsabiliza del funcionamiento o la accesibilidad de los sitios enlazados, ni sugiere, invita o recomienda la visita a los mismos, de manera que tampoco ser\u00e1 responsable del resultado obtenido. EL PROPIETARIO DE LA WEB no se responsabiliza del establecimiento de hiperv\u00ednculos por parte de terceros.<\/p>\n<p><b>4.2. PROCEDIMIENTO EN CASO DE REALIZACI\u00d3N DE ACTIVIDADES DE CAR\u00c1CTER IL\u00cdCITO<\/b><\/p>\n<p>En el caso de que cualquier usuario o un tercero considere que existen hechos o circunstancias que revelen el car\u00e1cter il\u00edcito de la utilizaci\u00f3n de cualquier contenido i\/o de la realizaci\u00f3n de cualquier actividad en las p\u00e1ginas web incluidas o accesibles a trav\u00e9s del sitio web, tendr\u00e1 que enviar una notificaci\u00f3n al PROPIETARIO DE LA WEB indentific\u00e1ndose debidamente y especificando las supuestas infracciones.<\/p>\n<p><b>4.3. PUBLICACIONES<\/b><\/p>\n<p>La informaci\u00f3n administrativa facilitada a trav\u00e9s del sitio web no sustituye la publicidad legal de las leyes, normativas, planes, disposiciones generales y actos que deban ser publicados formalmente en los diarios oficiales de las administraciones publicas, que constituyen el \u00fanico instrumento que da fe de su autenticidad y contenidos. La informaci\u00f3n disponible en este sitio web debe entenderse como una gu\u00eda sin prop\u00f3sito de validez legal.<\/p>\n<p><b>5. LEGISLACI\u00d3N APLICABLE<\/b><\/p>\n<p>Las condiciones presentes se regir\u00e1n por la legislaci\u00f3n espa\u00f1ola vigente.<\/p>\n\t\t\t\t\t\t\t\t<\/div>\n\t\t\t\t<\/div>\n\t\t\t\t\t<\/div>\n\t\t<\/div>\n\t\t\t\t\t<\/div>\n\t\t<\/section>\n\t\t\t\t<\/div>\n\t\t","protected":false},"excerpt":{"rendered":"<p>Aviso legal 1 . OBJETO El presente aviso legal regulo el uso y la utilizaci\u00f3n del sitio webhttps:\/\/www.masoveriadellado.com (en adelante, LA WEB), del cual es titular ALFONS NOGUERA G\u00dcELL (en adelante, EL PROPIETARIO DE LA WEB). La navegaci\u00f3n por el &hellip; <a href=\"https:\/\/masoveriadellado.com\/fr\/aviso-legal\/\">Read More<\/a><\/p>\n","protected":false},"author":2,"featured_media":0,"parent":0,"menu_order":0,"comment_status":"closed","ping_status":"closed","template":"","meta":{"footnotes":""},"class_list":["post-1782","page","type-page","status-publish","hentry"],"yoast_head":"<!-- This site is optimized with the Yoast SEO plugin v26.9 - https:\/\/yoast.com\/product\/yoast-seo-wordpress\/ -->\n<title>Aviso legal - Masoveria de Llad\u00f3<\/title>\n<meta name=\"robots\" content=\"index, follow, max-snippet:-1, max-image-preview:large, max-video-preview:-1\" \/>\n<link rel=\"canonical\" href=\"https:\/\/masoveriadellado.com\/avis-legal\/\" \/>\n<meta property=\"og:locale\" content=\"fr_FR\" \/>\n<meta property=\"og:type\" content=\"article\" \/>\n<meta property=\"og:title\" content=\"Aviso legal - Masoveria de Llad\u00f3\" \/>\n<meta property=\"og:description\" content=\"Aviso legal 1 . OBJETO El presente aviso legal regulo el uso y la utilizaci\u00f3n del sitio webhttps:\/\/www.masoveriadellado.com (en adelante, LA WEB), del cual es titular ALFONS NOGUERA G\u00dcELL (en adelante, EL PROPIETARIO DE LA WEB). La navegaci\u00f3n por el &hellip; Read More\" \/>\n<meta property=\"og:url\" content=\"https:\/\/masoveriadellado.com\/avis-legal\/\" \/>\n<meta property=\"og:site_name\" content=\"Masoveria de Llad\u00f3\" \/>\n<meta property=\"article:modified_time\" content=\"2024-02-16T15:05:51+00:00\" \/>\n<meta name=\"twitter:card\" content=\"summary_large_image\" \/>\n<meta name=\"twitter:label1\" content=\"Dur\u00e9e de lecture estim\u00e9e\" \/>\n\t<meta name=\"twitter:data1\" content=\"8 minutes\" \/>\n<script type=\"application\/ld+json\" class=\"yoast-schema-graph\">{\"@context\":\"https:\/\/schema.org\",\"@graph\":[{\"@type\":\"WebPage\",\"@id\":\"https:\/\/masoveriadellado.com\/avis-legal\/\",\"url\":\"https:\/\/masoveriadellado.com\/avis-legal\/\",\"name\":\"Aviso legal - Masoveria de Llad\u00f3\",\"isPartOf\":{\"@id\":\"https:\/\/masoveriadellado.com\/#website\"},\"datePublished\":\"2024-02-12T09:33:41+00:00\",\"dateModified\":\"2024-02-16T15:05:51+00:00\",\"breadcrumb\":{\"@id\":\"https:\/\/masoveriadellado.com\/avis-legal\/#breadcrumb\"},\"inLanguage\":\"fr-FR\",\"potentialAction\":[{\"@type\":\"ReadAction\",\"target\":[\"https:\/\/masoveriadellado.com\/avis-legal\/\"]}]},{\"@type\":\"BreadcrumbList\",\"@id\":\"https:\/\/masoveriadellado.com\/avis-legal\/#breadcrumb\",\"itemListElement\":[{\"@type\":\"ListItem\",\"position\":1,\"name\":\"Inici\",\"item\":\"https:\/\/masoveriadellado.com\/\"},{\"@type\":\"ListItem\",\"position\":2,\"name\":\"Aviso legal\"}]},{\"@type\":\"WebSite\",\"@id\":\"https:\/\/masoveriadellado.com\/#website\",\"url\":\"https:\/\/masoveriadellado.com\/\",\"name\":\"Masoveria de Llad\u00f3\",\"description\":\"\",\"publisher\":{\"@id\":\"https:\/\/masoveriadellado.com\/#organization\"},\"potentialAction\":[{\"@type\":\"SearchAction\",\"target\":{\"@type\":\"EntryPoint\",\"urlTemplate\":\"https:\/\/masoveriadellado.com\/?s={search_term_string}\"},\"query-input\":{\"@type\":\"PropertyValueSpecification\",\"valueRequired\":true,\"valueName\":\"search_term_string\"}}],\"inLanguage\":\"fr-FR\"},{\"@type\":\"Organization\",\"@id\":\"https:\/\/masoveriadellado.com\/#organization\",\"name\":\"Masoveria de Llad\u00f3\",\"url\":\"https:\/\/masoveriadellado.com\/\",\"logo\":{\"@type\":\"ImageObject\",\"inLanguage\":\"fr-FR\",\"@id\":\"https:\/\/masoveriadellado.com\/#\/schema\/logo\/image\/\",\"url\":\"https:\/\/masoveriadellado.com\/wp-content\/uploads\/2024\/01\/style10-02.jpg\",\"contentUrl\":\"https:\/\/masoveriadellado.com\/wp-content\/uploads\/2024\/01\/style10-02.jpg\",\"width\":1920,\"height\":1307,\"caption\":\"Masoveria de Llad\u00f3\"},\"image\":{\"@id\":\"https:\/\/masoveriadellado.com\/#\/schema\/logo\/image\/\"}}]}<\/script>\n<!-- \/ Yoast SEO plugin. -->","yoast_head_json":{"title":"Aviso legal - Masoveria de Llad\u00f3","robots":{"index":"index","follow":"follow","max-snippet":"max-snippet:-1","max-image-preview":"max-image-preview:large","max-video-preview":"max-video-preview:-1"},"canonical":"https:\/\/masoveriadellado.com\/avis-legal\/","og_locale":"fr_FR","og_type":"article","og_title":"Aviso legal - Masoveria de Llad\u00f3","og_description":"Aviso legal 1 . OBJETO El presente aviso legal regulo el uso y la utilizaci\u00f3n del sitio webhttps:\/\/www.masoveriadellado.com (en adelante, LA WEB), del cual es titular ALFONS NOGUERA G\u00dcELL (en adelante, EL PROPIETARIO DE LA WEB). La navegaci\u00f3n por el &hellip; Read More","og_url":"https:\/\/masoveriadellado.com\/avis-legal\/","og_site_name":"Masoveria de Llad\u00f3","article_modified_time":"2024-02-16T15:05:51+00:00","twitter_card":"summary_large_image","twitter_misc":{"Dur\u00e9e de lecture estim\u00e9e":"8 minutes"},"schema":{"@context":"https:\/\/schema.org","@graph":[{"@type":"WebPage","@id":"https:\/\/masoveriadellado.com\/avis-legal\/","url":"https:\/\/masoveriadellado.com\/avis-legal\/","name":"Aviso legal - Masoveria de Llad\u00f3","isPartOf":{"@id":"https:\/\/masoveriadellado.com\/#website"},"datePublished":"2024-02-12T09:33:41+00:00","dateModified":"2024-02-16T15:05:51+00:00","breadcrumb":{"@id":"https:\/\/masoveriadellado.com\/avis-legal\/#breadcrumb"},"inLanguage":"fr-FR","potentialAction":[{"@type":"ReadAction","target":["https:\/\/masoveriadellado.com\/avis-legal\/"]}]},{"@type":"BreadcrumbList","@id":"https:\/\/masoveriadellado.com\/avis-legal\/#breadcrumb","itemListElement":[{"@type":"ListItem","position":1,"name":"Inici","item":"https:\/\/masoveriadellado.com\/"},{"@type":"ListItem","position":2,"name":"Aviso legal"}]},{"@type":"WebSite","@id":"https:\/\/masoveriadellado.com\/#website","url":"https:\/\/masoveriadellado.com\/","name":"Masoveria de Llad\u00f3","description":"","publisher":{"@id":"https:\/\/masoveriadellado.com\/#organization"},"potentialAction":[{"@type":"SearchAction","target":{"@type":"EntryPoint","urlTemplate":"https:\/\/masoveriadellado.com\/?s={search_term_string}"},"query-input":{"@type":"PropertyValueSpecification","valueRequired":true,"valueName":"search_term_string"}}],"inLanguage":"fr-FR"},{"@type":"Organization","@id":"https:\/\/masoveriadellado.com\/#organization","name":"Masoveria de Llad\u00f3","url":"https:\/\/masoveriadellado.com\/","logo":{"@type":"ImageObject","inLanguage":"fr-FR","@id":"https:\/\/masoveriadellado.com\/#\/schema\/logo\/image\/","url":"https:\/\/masoveriadellado.com\/wp-content\/uploads\/2024\/01\/style10-02.jpg","contentUrl":"https:\/\/masoveriadellado.com\/wp-content\/uploads\/2024\/01\/style10-02.jpg","width":1920,"height":1307,"caption":"Masoveria de Llad\u00f3"},"image":{"@id":"https:\/\/masoveriadellado.com\/#\/schema\/logo\/image\/"}}]}},"_links":{"self":[{"href":"https:\/\/masoveriadellado.com\/fr\/wp-json\/wp\/v2\/pages\/1782","targetHints":{"allow":["GET"]}}],"collection":[{"href":"https:\/\/masoveriadellado.com\/fr\/wp-json\/wp\/v2\/pages"}],"about":[{"href":"https:\/\/masoveriadellado.com\/fr\/wp-json\/wp\/v2\/types\/page"}],"author":[{"embeddable":true,"href":"https:\/\/masoveriadellado.com\/fr\/wp-json\/wp\/v2\/users\/2"}],"replies":[{"embeddable":true,"href":"https:\/\/masoveriadellado.com\/fr\/wp-json\/wp\/v2\/comments?post=1782"}],"version-history":[{"count":1,"href":"https:\/\/masoveriadellado.com\/fr\/wp-json\/wp\/v2\/pages\/1782\/revisions"}],"predecessor-version":[{"id":1783,"href":"https:\/\/masoveriadellado.com\/fr\/wp-json\/wp\/v2\/pages\/1782\/revisions\/1783"}],"wp:attachment":[{"href":"https:\/\/masoveriadellado.com\/fr\/wp-json\/wp\/v2\/media?parent=1782"}],"curies":[{"name":"wp","href":"https:\/\/api.w.org\/{rel}","templated":true}]}}