{"id":1790,"date":"2024-02-12T17:56:55","date_gmt":"2024-02-12T15:56:55","guid":{"rendered":"https:\/\/masoveriadellado.com\/politica-de-cookies\/"},"modified":"2024-05-26T20:16:15","modified_gmt":"2024-05-26T18:16:15","slug":"politica-de-cookies","status":"publish","type":"page","link":"https:\/\/masoveriadellado.com\/fr\/politica-de-cookies\/","title":{"rendered":"Pol\u00edtica de cookies"},"content":{"rendered":"\t\t<div data-elementor-type=\"wp-page\" data-elementor-id=\"1790\" class=\"elementor elementor-1790 elementor-1070\">\n\t\t\t\t\t\t<section class=\"elementor-section elementor-top-section elementor-element elementor-element-c12a0f7 elementor-section-boxed elementor-section-height-default elementor-section-height-default\" data-id=\"c12a0f7\" data-element_type=\"section\" data-settings=\"{&quot;background_background&quot;:&quot;classic&quot;}\">\n\t\t\t\t\t\t<div class=\"elementor-container elementor-column-gap-default\">\n\t\t\t\t\t<div class=\"elementor-column elementor-col-100 elementor-top-column elementor-element elementor-element-431a360\" data-id=\"431a360\" data-element_type=\"column\">\n\t\t\t<div class=\"elementor-widget-wrap elementor-element-populated\">\n\t\t\t\t\t\t<div class=\"elementor-element elementor-element-17d4fdf elementor-widget elementor-widget-heading\" data-id=\"17d4fdf\" data-element_type=\"widget\" data-widget_type=\"heading.default\">\n\t\t\t\t<div class=\"elementor-widget-container\">\n\t\t\t\t\t<h2 class=\"elementor-heading-title elementor-size-default\">Pol\u00edtica de cookies<\/h2>\t\t\t\t<\/div>\n\t\t\t\t<\/div>\n\t\t\t\t\t<\/div>\n\t\t<\/div>\n\t\t\t\t\t<\/div>\n\t\t<\/section>\n\t\t\t\t<section class=\"elementor-section elementor-top-section elementor-element elementor-element-5f5a948 elementor-section-full_width elementor-section-height-default elementor-section-height-default\" data-id=\"5f5a948\" data-element_type=\"section\">\n\t\t\t\t\t\t<div class=\"elementor-container elementor-column-gap-default\">\n\t\t\t\t\t<div class=\"elementor-column elementor-col-100 elementor-top-column elementor-element elementor-element-f5e7b60\" data-id=\"f5e7b60\" data-element_type=\"column\">\n\t\t\t<div class=\"elementor-widget-wrap elementor-element-populated\">\n\t\t\t\t\t\t<div class=\"elementor-element elementor-element-65414fc elementor-widget elementor-widget-text-editor\" data-id=\"65414fc\" data-element_type=\"widget\" data-widget_type=\"text-editor.default\">\n\t\t\t\t<div class=\"elementor-widget-container\">\n\t\t\t\t\t\t\t\t\t<p><b>\u00bfQu\u00e9 es una cookie?<\/b><\/p>\n<p>Una <em>cookie<\/em> es un archivo que se descarga en su ordenador al acceder el usuario a determinadas p\u00e1ginas web. Las <em>cookies<\/em> permiten a un p\u00e1gina web, entre otras cosas, almacenar y recuperar informaci\u00f3n sobre los h\u00e1bitos de navegaci\u00f3n de un usuario o de su equipo, y, dependiendo de la informaci\u00f3n que contengan y de la forma en que utiliza su equipo, se pueden utilizar para reconocer al usuario.<\/p>\n<p><b>\u00bfQu\u00e9 tipos de <em>cookies<\/em> hay?<\/b><\/p>\n<p>Hay diferentes tipos de <em>cookies<\/em> en funci\u00f3n de varios criterios:<\/p>\n<p><strong>En funci\u00f3n del tiempo que permanecen activadas:<\/strong><\/p>\n<p><strong><em>Cookies<\/em> de sesi\u00f3n<\/strong>. Son un tipo de <em>cookies<\/em> dise\u00f1adas para pedir y almacenar datos mientras el usuario accede a una p\u00e1gina web. Cookies permanentes.<br \/><strong><em>Cookies<\/em> permanentes.<\/strong> Son un tipo de <em>cookies<\/em> mediante las cuales los datos siguen guardados al terminar y pueden ser accedidas y tratadas durante un periodo definido por el responsable de la <em>cookie<\/em>.<\/p>\n<p><strong>En funci\u00f3n de la titularidad:<\/strong><\/p>\n<p><strong><em>Cookies<\/em> propias.<\/strong> Son las que pertenecen a ALFONS NOGUERA G\u00dcELL.<br \/><strong><em>Cookies<\/em> de terceros.<\/strong> Son aquellas cuya titularidad es de un tercero, diferente de ALFONSO NOGUERA G\u00dcELL, que ser\u00e1 quien trate la informaci\u00f3n recogida.<\/p>\n<p><strong>En funci\u00f3n de su finalidad:<\/strong><\/p>\n<p><strong><em>Cookies<\/em> t\u00e9cnicas y\/o de personalizaci\u00f3n.<\/strong> Son aquellas que sirven para mejorar el servicio, localizar incidentes, reconocer al usuario, etc.<br \/><strong><em>Cookies<\/em> de an\u00e1lisis y\/o de publicidad.<\/strong> Son aquellas que sirven para analizar informaci\u00f3n sobre la navegaci\u00f3n y ofrecer publicidad, sea gen\u00e9rica o personalizada.<\/p>\n<p><b>\u00bfQu\u00e9 tipos de <em>cookies<\/em> son m\u00e1s habituales?<\/b><\/p>\n<p><strong>T\u00e9cnicas<\/strong>. Son <em>cookies<\/em> propias, de sesi\u00f3n, de identificaci\u00f3n, de configuraci\u00f3n y de registro, estrictamente necesarias para la identificaci\u00f3n del usuario y para la prestaci\u00f3n de los servicios solicitados por el mismo. La informaci\u00f3n obtenida a trav\u00e9s de las mismas es tratada \u00fanicamente por ALFONS NOGUERA G\u00dcELL.<br \/><strong>De an\u00e1lisis.<\/strong> Son aquellas que, bien tratadas por nosotros o por terceros, nos permiten cuantificar el n\u00famero de usuarios y as\u00ed realizar el medimiento y el an\u00e1lisis estad\u00edstico de la utilizaci\u00f3n que hacen los usuarios del servicio ofrecido. Por eso, se analiza su navegaci\u00f3n en nuestra p\u00e1gina web con tal de mejorar la oferta de productos o servicios que le ofrecemos.<\/p>\n<p><strong>De publicidad.<\/strong> Son aquellas que, o tratadas por nosotros o por terceros, permiten la gesti\u00f3n, de la forma m\u00e1s eficaz posible, de los espacios publicitarios que se pudieran incluir en nuestra pagina web y\/o almacenar informaci\u00f3n del comportamiento de los usuarios obtenida a trav\u00e9s de la observaci\u00f3n continuada. Gracias a ellas, podemos conocer los h\u00e1bitos de navegaci\u00f3n en internet y mostrarle publicidad relacionada con su perfil de navegaci\u00f3n.<\/p>\n<p><b>\u00bfPara qu\u00e9 sirve una <em>cookie<\/em>?<\/b><\/p>\n<p>Las <em>cookies<\/em> se utilizan para poder ofrecer servicios y\/o publicidad personalizada, para analizar el funcionamiento del sistema, para reconocer cu\u00e1ndo se accede como usuario, para localizar incidentes y problemas que puedan surgir y solucionarlos en el menor tiempo posible y para analizar y medir la actividad de la p\u00e1gina web.<\/p>\n<p><b>\u00bfSe necesita mi consentimiento para implantar una <em>cookie<\/em>?<\/b><\/p>\n<p>No es necesario el consentimiento para la instalaci\u00f3n de <em>cookies<\/em> t\u00e9cnicas o las que sean estrictamente necesarias para la prestaci\u00f3n de un servicio de la sociedad de la informaci\u00f3n expresamente solicitada por el destinatario.<\/p>\n<p>Para el resto, s\u00ed es necesario el consentimiento del interesado, que se puede solicitar por diferentes v\u00edas. En el caso de ALFONS NOGUERA G\u00dcELL, se entender\u00e1 otorgado si usted sigue utilizando la p\u00e1gina web, sin perjudicar que en cualquier momento podr\u00e1 revocar y desactivar las <em>cookies<\/em>.<\/p>\n<p><b>\u00bfQu\u00e9 tipo de <em>cookies<\/em> utiliza esta p\u00e1gina web?<\/b><\/p>\n<p><strong><em>Cookies<\/em> t\u00e9cnicas<\/strong>. Son aquellas creadas y gestionadas \u00fanicamente por nosotros, y permiten al usuario la navegaci\u00f3n a trav\u00e9s de nuestra p\u00e1gina web y la utilizaci\u00f3n de las diferentes opciones, como, por ejemplo, identificar la sesi\u00f3n, personalizar informaci\u00f3n o acceder a zonas de acceso restringido.<\/p>\n<p>El sitio web de ALFONS NOGUERA G\u00dcELL utiliza (o puede utilizar) Google Analytics, una herramienta de anal\u00edtica web desarrollada por Google que ayuda a los propietarios de sitios web a medir c\u00f3mo interact\u00faan los usuarios con el contenido del sitio. Para la prestaci\u00f3n de estos servicios, Google Analytics utiliza <em>cookies<\/em> que recopilan la informaci\u00f3n, incluida la direcci\u00f3n IP del usuarios, que ser\u00e1 transmitida, tratada y almacenada por Google en los t\u00e9rminos fijados en la web de Google.com.<\/p>\n<p><b>Para m\u00e1s informaci\u00f3n, ved:<\/b><\/p>\n<p><a href=\"https:\/\/developers.google.com\/analytics\/devguides\/collection\/analyticsjs\/cookie-usage\">https:\/\/developers.google.com\/analytics\/devguides\/collection\/analyticsjs\/cookie-usage<\/a><\/p>\n<p>El dominio web <a href=\"http:\/\/www.masoveriadellado.com\">www.masoveriadellado.com<\/a> utiliza los siguientes tipos de <em>cookies<\/em>:<\/p>\n<p><strong>Nombre de la <em>cookie<\/em>:<\/strong> NASP.NET_Sessionld<br \/><strong>Finalidad<\/strong>: Esta cookie permite al usuario el correcto funcionamiento de la web y el uso de las diferentes opciones o los servicios que existen (por ejemplo, el formulario de contacto)<br \/><strong>Expiraci\u00f3n<\/strong>: Al finalizar la sesi\u00f3n.<\/p>\n<p><b>\u00bfC\u00f3mo se desactivan las cookies?<\/b><br \/>Puede permitir, bloquear o eliminar las <em>cookies<\/em> instaladas en su equipo mediante la configuraci\u00f3n de las opciones del navegador de su ordenador.<\/p>\n<ul>\n<li>Firefox: <a href=\"https:\/\/support.mozilla.org\/es\/kb\/habilitar-y-deshabilitar-cookies-sitios-web-rastrear-preferencias?redirectlocale=es&amp;redirectslug=habilitar-y-deshabilitar-cookies-que-los-sitios-we\">https:\/\/support.mozilla.org\/es\/kb\/habilitar-y-deshabilitar-cookies-sitios-web-rastrear-preferencias?redirectlocale=es&amp;redirectslug=habilitar-y-deshabilitar-cookies-que-los-sitios-we<\/a><\/li>\n<li>Chrome: <a href=\"https:\/\/support.google.com\/chrome\/answer\/95647?hl=es\">https:\/\/support.google.com\/chrome\/answer\/95647?hl=es<\/a><\/li>\n<li>Internet Explorer: <a href=\"https:\/\/support.microsoft.com\/es-es\/products\/windows?os=windows-10\">https:\/\/support.microsoft.com\/es-es\/products\/windows?os=windows-10<\/a><\/li>\n<li>Safari: <a href=\"https:\/\/support.apple.com\/kb\/ph5042?locale=es_ES\">https:\/\/support.apple.com\/kb\/ph5042?locale=es_ES<\/a><\/li>\n<li>Safari para iOS: <a href=\"https:\/\/support.apple.com\/es-es\/HT201265\">https:\/\/support.apple.com\/es-es\/HT201265<\/a><\/li>\n<li>Opera: <a href=\"http:\/\/help.opera.com\/Windows\/11.50\/es-ES\/cookies.html\">http:\/\/help.opera.com\/Windows\/11.50\/es-ES\/cookies.html<\/a><\/li>\n<\/ul>\n\t\t\t\t\t\t\t\t<\/div>\n\t\t\t\t<\/div>\n\t\t\t\t\t<\/div>\n\t\t<\/div>\n\t\t\t\t\t<\/div>\n\t\t<\/section>\n\t\t\t\t<\/div>\n\t\t","protected":false},"excerpt":{"rendered":"<p>Pol\u00edtica de cookies \u00bfQu\u00e9 es una cookie? Una cookie es un archivo que se descarga en su ordenador al acceder el usuario a determinadas p\u00e1ginas web. Las cookies permiten a un p\u00e1gina web, entre otras cosas, almacenar y recuperar informaci\u00f3n &hellip; <a href=\"https:\/\/masoveriadellado.com\/fr\/politica-de-cookies\/\">Read More<\/a><\/p>\n","protected":false},"author":2,"featured_media":0,"parent":0,"menu_order":0,"comment_status":"closed","ping_status":"closed","template":"","meta":{"footnotes":""},"class_list":["post-1790","page","type-page","status-publish","hentry"],"yoast_head":"<!-- This site is optimized with the Yoast SEO plugin v26.9 - https:\/\/yoast.com\/product\/yoast-seo-wordpress\/ -->\n<title>Pol\u00edtica de cookies - Masoveria de Llad\u00f3<\/title>\n<meta name=\"robots\" content=\"index, follow, max-snippet:-1, max-image-preview:large, max-video-preview:-1\" \/>\n<link rel=\"canonical\" href=\"https:\/\/masoveriadellado.com\/politica-de-cookies\/\" \/>\n<meta property=\"og:locale\" content=\"fr_FR\" \/>\n<meta property=\"og:type\" content=\"article\" \/>\n<meta property=\"og:title\" content=\"Pol\u00edtica de cookies - Masoveria de Llad\u00f3\" \/>\n<meta property=\"og:description\" content=\"Pol\u00edtica de cookies \u00bfQu\u00e9 es una cookie? Una cookie es un archivo que se descarga en su ordenador al acceder el usuario a determinadas p\u00e1ginas web. Las cookies permiten a un p\u00e1gina web, entre otras cosas, almacenar y recuperar informaci\u00f3n &hellip; Read More\" \/>\n<meta property=\"og:url\" content=\"https:\/\/masoveriadellado.com\/politica-de-cookies\/\" \/>\n<meta property=\"og:site_name\" content=\"Masoveria de Llad\u00f3\" \/>\n<meta property=\"article:modified_time\" content=\"2024-05-26T18:16:15+00:00\" \/>\n<meta name=\"twitter:card\" content=\"summary_large_image\" \/>\n<meta name=\"twitter:label1\" content=\"Dur\u00e9e de lecture estim\u00e9e\" \/>\n\t<meta name=\"twitter:data1\" content=\"5 minutes\" \/>\n<script type=\"application\/ld+json\" class=\"yoast-schema-graph\">{\"@context\":\"https:\/\/schema.org\",\"@graph\":[{\"@type\":\"WebPage\",\"@id\":\"https:\/\/masoveriadellado.com\/politica-de-cookies\/\",\"url\":\"https:\/\/masoveriadellado.com\/politica-de-cookies\/\",\"name\":\"Pol\u00edtica de cookies - Masoveria de Llad\u00f3\",\"isPartOf\":{\"@id\":\"https:\/\/masoveriadellado.com\/#website\"},\"datePublished\":\"2024-02-12T15:56:55+00:00\",\"dateModified\":\"2024-05-26T18:16:15+00:00\",\"breadcrumb\":{\"@id\":\"https:\/\/masoveriadellado.com\/politica-de-cookies\/#breadcrumb\"},\"inLanguage\":\"fr-FR\",\"potentialAction\":[{\"@type\":\"ReadAction\",\"target\":[\"https:\/\/masoveriadellado.com\/politica-de-cookies\/\"]}]},{\"@type\":\"BreadcrumbList\",\"@id\":\"https:\/\/masoveriadellado.com\/politica-de-cookies\/#breadcrumb\",\"itemListElement\":[{\"@type\":\"ListItem\",\"position\":1,\"name\":\"Inici\",\"item\":\"https:\/\/masoveriadellado.com\/\"},{\"@type\":\"ListItem\",\"position\":2,\"name\":\"Pol\u00edtica de cookies\"}]},{\"@type\":\"WebSite\",\"@id\":\"https:\/\/masoveriadellado.com\/#website\",\"url\":\"https:\/\/masoveriadellado.com\/\",\"name\":\"Masoveria de Llad\u00f3\",\"description\":\"\",\"publisher\":{\"@id\":\"https:\/\/masoveriadellado.com\/#organization\"},\"potentialAction\":[{\"@type\":\"SearchAction\",\"target\":{\"@type\":\"EntryPoint\",\"urlTemplate\":\"https:\/\/masoveriadellado.com\/?s={search_term_string}\"},\"query-input\":{\"@type\":\"PropertyValueSpecification\",\"valueRequired\":true,\"valueName\":\"search_term_string\"}}],\"inLanguage\":\"fr-FR\"},{\"@type\":\"Organization\",\"@id\":\"https:\/\/masoveriadellado.com\/#organization\",\"name\":\"Masoveria de Llad\u00f3\",\"url\":\"https:\/\/masoveriadellado.com\/\",\"logo\":{\"@type\":\"ImageObject\",\"inLanguage\":\"fr-FR\",\"@id\":\"https:\/\/masoveriadellado.com\/#\/schema\/logo\/image\/\",\"url\":\"https:\/\/masoveriadellado.com\/wp-content\/uploads\/2024\/01\/style10-02.jpg\",\"contentUrl\":\"https:\/\/masoveriadellado.com\/wp-content\/uploads\/2024\/01\/style10-02.jpg\",\"width\":1920,\"height\":1307,\"caption\":\"Masoveria de Llad\u00f3\"},\"image\":{\"@id\":\"https:\/\/masoveriadellado.com\/#\/schema\/logo\/image\/\"}}]}<\/script>\n<!-- \/ Yoast SEO plugin. -->","yoast_head_json":{"title":"Pol\u00edtica de cookies - Masoveria de Llad\u00f3","robots":{"index":"index","follow":"follow","max-snippet":"max-snippet:-1","max-image-preview":"max-image-preview:large","max-video-preview":"max-video-preview:-1"},"canonical":"https:\/\/masoveriadellado.com\/politica-de-cookies\/","og_locale":"fr_FR","og_type":"article","og_title":"Pol\u00edtica de cookies - Masoveria de Llad\u00f3","og_description":"Pol\u00edtica de cookies \u00bfQu\u00e9 es una cookie? Una cookie es un archivo que se descarga en su ordenador al acceder el usuario a determinadas p\u00e1ginas web. Las cookies permiten a un p\u00e1gina web, entre otras cosas, almacenar y recuperar informaci\u00f3n &hellip; Read More","og_url":"https:\/\/masoveriadellado.com\/politica-de-cookies\/","og_site_name":"Masoveria de Llad\u00f3","article_modified_time":"2024-05-26T18:16:15+00:00","twitter_card":"summary_large_image","twitter_misc":{"Dur\u00e9e de lecture estim\u00e9e":"5 minutes"},"schema":{"@context":"https:\/\/schema.org","@graph":[{"@type":"WebPage","@id":"https:\/\/masoveriadellado.com\/politica-de-cookies\/","url":"https:\/\/masoveriadellado.com\/politica-de-cookies\/","name":"Pol\u00edtica de cookies - Masoveria de Llad\u00f3","isPartOf":{"@id":"https:\/\/masoveriadellado.com\/#website"},"datePublished":"2024-02-12T15:56:55+00:00","dateModified":"2024-05-26T18:16:15+00:00","breadcrumb":{"@id":"https:\/\/masoveriadellado.com\/politica-de-cookies\/#breadcrumb"},"inLanguage":"fr-FR","potentialAction":[{"@type":"ReadAction","target":["https:\/\/masoveriadellado.com\/politica-de-cookies\/"]}]},{"@type":"BreadcrumbList","@id":"https:\/\/masoveriadellado.com\/politica-de-cookies\/#breadcrumb","itemListElement":[{"@type":"ListItem","position":1,"name":"Inici","item":"https:\/\/masoveriadellado.com\/"},{"@type":"ListItem","position":2,"name":"Pol\u00edtica de cookies"}]},{"@type":"WebSite","@id":"https:\/\/masoveriadellado.com\/#website","url":"https:\/\/masoveriadellado.com\/","name":"Masoveria de Llad\u00f3","description":"","publisher":{"@id":"https:\/\/masoveriadellado.com\/#organization"},"potentialAction":[{"@type":"SearchAction","target":{"@type":"EntryPoint","urlTemplate":"https:\/\/masoveriadellado.com\/?s={search_term_string}"},"query-input":{"@type":"PropertyValueSpecification","valueRequired":true,"valueName":"search_term_string"}}],"inLanguage":"fr-FR"},{"@type":"Organization","@id":"https:\/\/masoveriadellado.com\/#organization","name":"Masoveria de Llad\u00f3","url":"https:\/\/masoveriadellado.com\/","logo":{"@type":"ImageObject","inLanguage":"fr-FR","@id":"https:\/\/masoveriadellado.com\/#\/schema\/logo\/image\/","url":"https:\/\/masoveriadellado.com\/wp-content\/uploads\/2024\/01\/style10-02.jpg","contentUrl":"https:\/\/masoveriadellado.com\/wp-content\/uploads\/2024\/01\/style10-02.jpg","width":1920,"height":1307,"caption":"Masoveria de Llad\u00f3"},"image":{"@id":"https:\/\/masoveriadellado.com\/#\/schema\/logo\/image\/"}}]}},"_links":{"self":[{"href":"https:\/\/masoveriadellado.com\/fr\/wp-json\/wp\/v2\/pages\/1790","targetHints":{"allow":["GET"]}}],"collection":[{"href":"https:\/\/masoveriadellado.com\/fr\/wp-json\/wp\/v2\/pages"}],"about":[{"href":"https:\/\/masoveriadellado.com\/fr\/wp-json\/wp\/v2\/types\/page"}],"author":[{"embeddable":true,"href":"https:\/\/masoveriadellado.com\/fr\/wp-json\/wp\/v2\/users\/2"}],"replies":[{"embeddable":true,"href":"https:\/\/masoveriadellado.com\/fr\/wp-json\/wp\/v2\/comments?post=1790"}],"version-history":[{"count":1,"href":"https:\/\/masoveriadellado.com\/fr\/wp-json\/wp\/v2\/pages\/1790\/revisions"}],"predecessor-version":[{"id":1791,"href":"https:\/\/masoveriadellado.com\/fr\/wp-json\/wp\/v2\/pages\/1790\/revisions\/1791"}],"wp:attachment":[{"href":"https:\/\/masoveriadellado.com\/fr\/wp-json\/wp\/v2\/media?parent=1790"}],"curies":[{"name":"wp","href":"https:\/\/api.w.org\/{rel}","templated":true}]}}