{"id":2020,"date":"2024-05-26T20:05:31","date_gmt":"2024-05-26T18:05:31","guid":{"rendered":"https:\/\/masoveriadellado.com\/politica-de-privacitat\/"},"modified":"2024-05-26T20:26:59","modified_gmt":"2024-05-26T18:26:59","slug":"politica-de-privacitat","status":"publish","type":"page","link":"https:\/\/masoveriadellado.com\/fr\/politica-de-privacitat\/","title":{"rendered":"Pol\u00edtica de privacitat"},"content":{"rendered":"\t\t<div data-elementor-type=\"wp-page\" data-elementor-id=\"2020\" class=\"elementor elementor-2020 elementor-2010\">\n\t\t\t\t\t\t<section class=\"elementor-section elementor-top-section elementor-element elementor-element-c12a0f7 elementor-section-boxed elementor-section-height-default elementor-section-height-default\" data-id=\"c12a0f7\" data-element_type=\"section\" data-settings=\"{&quot;background_background&quot;:&quot;classic&quot;}\">\n\t\t\t\t\t\t<div class=\"elementor-container elementor-column-gap-default\">\n\t\t\t\t\t<div class=\"elementor-column elementor-col-100 elementor-top-column elementor-element elementor-element-431a360\" data-id=\"431a360\" data-element_type=\"column\">\n\t\t\t<div class=\"elementor-widget-wrap elementor-element-populated\">\n\t\t\t\t\t\t<div class=\"elementor-element elementor-element-17d4fdf elementor-widget elementor-widget-heading\" data-id=\"17d4fdf\" data-element_type=\"widget\" data-widget_type=\"heading.default\">\n\t\t\t\t<div class=\"elementor-widget-container\">\n\t\t\t\t\t<h2 class=\"elementor-heading-title elementor-size-default\">Pol\u00edtica de privacitat<\/h2>\t\t\t\t<\/div>\n\t\t\t\t<\/div>\n\t\t\t\t\t<\/div>\n\t\t<\/div>\n\t\t\t\t\t<\/div>\n\t\t<\/section>\n\t\t\t\t<section class=\"elementor-section elementor-top-section elementor-element elementor-element-5f5a948 elementor-section-full_width elementor-section-height-default elementor-section-height-default\" data-id=\"5f5a948\" data-element_type=\"section\">\n\t\t\t\t\t\t\t<div class=\"elementor-background-overlay\"><\/div>\n\t\t\t\t\t\t\t<div class=\"elementor-container elementor-column-gap-default\">\n\t\t\t\t\t<div class=\"elementor-column elementor-col-100 elementor-top-column elementor-element elementor-element-f5e7b60\" data-id=\"f5e7b60\" data-element_type=\"column\" data-settings=\"{&quot;background_background&quot;:&quot;classic&quot;}\">\n\t\t\t<div class=\"elementor-widget-wrap elementor-element-populated\">\n\t\t\t\t\t\t<div class=\"elementor-element elementor-element-65414fc elementor-widget__width-inherit elementor-widget elementor-widget-text-editor\" data-id=\"65414fc\" data-element_type=\"widget\" data-widget_type=\"text-editor.default\">\n\t\t\t\t<div class=\"elementor-widget-container\">\n\t\t\t\t\t\t\t\t\t<p><b>1. INFORMACI\u00d3 A L\u2019USUARI<\/b><\/p>\n<p>Qui \u00e9s el responsable del tractament de les teves dades personals?<\/p>\n<p>ALFONS NOGUERA G\u00dcELL \u00e9s el RESPONSABLE del tractament de les dades personals de l\u2019USUARI i us informa que aquestes dades seran tractades de conformitat amb el que disposa el Reglament (UE) 2016\/679, de 27 d\u2019abril (GDPR), i la Llei Org\u00e0nica 3\/2018 , de 5 de desembre (LOPDGDD).<\/p>\n<p><b> <\/b><\/p>\n<p><b>Per qu\u00e8 tractem les teves dades personals?<\/b><\/p>\n<ul>\n<li>Per mantenir una relaci\u00f3 comercial amb lusuari. Les operacions previstes per realitzar el tractament s\u00f3n:<\/li>\n<li>Remissi\u00f3 de comunicacions comercials publicit\u00e0ries per correu electr\u00f2nic, fax, SMS, MMS, xarxes socials o qualsevol altre mitj\u00e0 electr\u00f2nic o f\u00edsic, present o futur, que possibiliti fer comunicacions comercials. Aquestes comunicacions seran realitzades pel RESPONSABLE i estaran relacionades amb els seus productes i serveis, o dels seus col\u00b7laboradors o prove\u00efdors, amb qu\u00e8 aquest hagi assolit algun acord de promoci\u00f3. En aquest cas, els tercers mai no tindran acc\u00e9s a les dades personals.<\/li>\n<li>Realitzar estudis de mercat i an\u00e0lisis estad\u00edstiques.<\/li>\n<li>Tramitar enc\u00e0rrecs, sol\u00b7licituds, donar resposta a les consultes o qualsevol tipus de petici\u00f3 que sigui realitzada per l\u2019USUARI a trav\u00e9s de qualsevol de les formes de contacte que es posen a la vostra disposici\u00f3 a la p\u00e0gina web del RESPONSABLE.<\/li>\n<li>Remetre el butllet\u00ed informatiu online, sobre novetats, ofertes i promocions a la nostra activitat.<\/li>\n<\/ul>\n<div><b>Per quin motiu podem tractar les dades personals?<\/b><\/div>\n<p>Perqu\u00e8 el tractament est\u00e0 legitimat per l\u2019article 6 del GDPR de la manera seg\u00fcent:<\/p>\n<ul>\n<li>Amb el consentiment de l\u2019USUARI: tramesa de comunicacions comercials i del butllet\u00ed informatiu.<\/li>\n<li>Per inter\u00e8s leg\u00edtim del RESPONSABLE: realitzar estudis de mercat, an\u00e0lisis estad\u00edstiques, etc. i tramitar enc\u00e0rrecs, sol\u00b7licituds, etc. a petici\u00f3 de l\u2019USUARI.<\/li>\n<\/ul>\n<p><b>Durant quant de temps guardarem les teves dades personals?<\/b><\/p>\n<p>Es conservaran durant no m\u00e9s temps del necessari per mantenir la fi del tractament o hi hagi prescripcions legals que dictaminin la seva cust\u00f2dia i quan ja no sigui necessari, se suprimiran amb mesures de seguretat adequades per garantir l\u2019anonimitzaci\u00f3 de les dades o la destrucci\u00f3 total de els mateixos.<\/p>\n<p><b>A qui facilitem les teves dades personals?<\/b><\/p>\n<p>No est\u00e0 prevista cap comunicaci\u00f3 de dades personals a tercers llevat, si fos necessari per al desenvolupament i execuci\u00f3 de les finalitats del tractament, als nostres prove\u00efdors de serveis relacionats amb comunicacions, amb els quals el RESPONSABLE t\u00e9 subscrits els contractes de confidencialitat i encarregat de tractament exigits per la normativa vigent de privadesa.<\/p>\n<p><b>Quins s\u00f3n els teus drets?<\/b><\/p>\n<p>Els drets que assisteixen a l\u2019USUARI s\u00f3n:<\/p>\n<ul>\n<li>Dret a retirar el consentiment en qualsevol moment.<\/li>\n<li>Dret d\u2019acc\u00e9s, rectificaci\u00f3, portabilitat i supressi\u00f3 de les vostres dades, i de limitaci\u00f3 o oposici\u00f3 al tractament.<\/li>\n<li>Dret a presentar una reclamaci\u00f3 davant de l\u2019autoritat de control ( www.aepd.es ) si considera que el tractament no s\u2019ajusta a la normativa vigent.<\/li>\n<\/ul>\n<p><b>Dades de contacte per exercir els seus drets:<\/b><\/p>\n<p>LA MASOVERIA DE LLAD\u00d3, La Casa Nova d\u2019en Pasqual, s\/n \u2013 17745 Llad\u00f3 (Alt Empord\u00e0, Girona). E-mail: <a href=\"mailto:mariona@masoveriadellado.com\">mariona@masoveriadellado.com<\/a>.<\/p>\n<p><b>2. CAR\u00c0CTER OBLIGATORI O FACULTATIU DE LA INFORMACI\u00d3 FACILITADA PER L\u2019USUARI<\/b><\/p>\n<p>Els USUARIS, mitjan\u00e7ant la marcaci\u00f3 de les caselles corresponents i l\u2019entrada de dades als camps, marcats amb un asterisc (*) al formulari de contacte o presentats en formularis de desc\u00e0rrega, accepten expressament i de forma lliure i inequ\u00edvoca, que les seves dades s\u00f3n necessaris per atendre la seva petici\u00f3, per part del prestador, i \u00e9s volunt\u00e0ria la inclusi\u00f3 de dades en els camps restants. L\u2019USUARI garanteix que les dades personals facilitades al RESPONSABLE s\u00f3n veraces i es fa responsable de comunicar-ne qualsevol modificaci\u00f3.<\/p>\n<p>El RESPONSABLE informa que totes les dades sol\u00b7licitades a trav\u00e9s del lloc web s\u00f3n obligat\u00f2ries, ja que s\u00f3n necess\u00e0ries per a la prestaci\u00f3 d\u2019un servei \u00f2ptim a l\u2019USUARI. En cas que no es facilitin totes les dades, no es garanteix que la informaci\u00f3 i els serveis facilitats siguin completament ajustats a les seves necessitats.<\/p>\n<p><b>3. MESURES DE SEGURETAT<\/b><\/p>\n<p>Que de conformitat amb el que disposen les normatives vigents en protecci\u00f3 de dades personals, el RESPONSABLE est\u00e0 complint amb totes les disposicions de les normatives GDPR i LOPDGDD per al tractament de les dades personals de la seva responsabilitat, i manifestament amb els principis descrits a l\u2019article 5 del GDPR, pels quals s\u00f3n tractats de manera l\u00edcita, lleial i transparent en relaci\u00f3 amb l\u2019interessat i adequats, pertinents i limitats a all\u00f2 necessari en relaci\u00f3 amb els fins per als quals s\u00f3n tractats.<\/p>\n<p>El RESPONSABLE garanteix que ha implementat pol\u00edtiques t\u00e8cniques i organitzatives apropiades per aplicar les mesures de seguretat que estableixen el GDPR i la LOPDGDD per tal de protegir els drets i les llibertats dels USUARIS i els ha comunicat la informaci\u00f3 adequada perqu\u00e8 puguin exercir-los.<\/p>\n<p>Per a m\u00e9s informaci\u00f3 sobre les garanties de privadesa, pots adre\u00e7ar-te al RESPONSABLE a trav\u00e9s de LA MASOVERIA DE LLAD\u00d3, La Casa Nova d\u2019en Pasqual, s\/n \u2013 17745 Llad\u00f3 (Alt Empord\u00e0, Girona). E-mail: <a href=\"mailto:mariona@masoveriadellado.com\">mariona@masoveriadellado.com<\/a>.<\/p>\n\t\t\t\t\t\t\t\t<\/div>\n\t\t\t\t<\/div>\n\t\t\t\t\t<\/div>\n\t\t<\/div>\n\t\t\t\t\t<\/div>\n\t\t<\/section>\n\t\t\t\t<\/div>\n\t\t","protected":false},"excerpt":{"rendered":"<p>Pol\u00edtica de privacitat 1. INFORMACI\u00d3 A L\u2019USUARI Qui \u00e9s el responsable del tractament de les teves dades personals? ALFONS NOGUERA G\u00dcELL \u00e9s el RESPONSABLE del tractament de les dades personals de l\u2019USUARI i us informa que aquestes dades seran tractades &hellip; <a href=\"https:\/\/masoveriadellado.com\/fr\/politica-de-privacitat\/\">Read More<\/a><\/p>\n","protected":false},"author":1,"featured_media":0,"parent":0,"menu_order":0,"comment_status":"closed","ping_status":"closed","template":"","meta":{"footnotes":""},"class_list":["post-2020","page","type-page","status-publish","hentry"],"yoast_head":"<!-- This site is optimized with the Yoast SEO plugin v26.9 - https:\/\/yoast.com\/product\/yoast-seo-wordpress\/ -->\n<title>Pol\u00edtica de privacitat - Masoveria de Llad\u00f3<\/title>\n<meta name=\"robots\" content=\"index, follow, max-snippet:-1, max-image-preview:large, max-video-preview:-1\" \/>\n<link rel=\"canonical\" href=\"https:\/\/masoveriadellado.com\/politica-de-privacitat\/\" \/>\n<meta property=\"og:locale\" content=\"fr_FR\" \/>\n<meta property=\"og:type\" content=\"article\" \/>\n<meta property=\"og:title\" content=\"Pol\u00edtica de privacitat - Masoveria de Llad\u00f3\" \/>\n<meta property=\"og:description\" content=\"Pol\u00edtica de privacitat 1. INFORMACI\u00d3 A L\u2019USUARI Qui \u00e9s el responsable del tractament de les teves dades personals? ALFONS NOGUERA G\u00dcELL \u00e9s el RESPONSABLE del tractament de les dades personals de l\u2019USUARI i us informa que aquestes dades seran tractades &hellip; Read More\" \/>\n<meta property=\"og:url\" content=\"https:\/\/masoveriadellado.com\/politica-de-privacitat\/\" \/>\n<meta property=\"og:site_name\" content=\"Masoveria de Llad\u00f3\" \/>\n<meta property=\"article:modified_time\" content=\"2024-05-26T18:26:59+00:00\" \/>\n<meta name=\"twitter:card\" content=\"summary_large_image\" \/>\n<meta name=\"twitter:label1\" content=\"Dur\u00e9e de lecture estim\u00e9e\" \/>\n\t<meta name=\"twitter:data1\" content=\"4 minutes\" \/>\n<script type=\"application\/ld+json\" class=\"yoast-schema-graph\">{\"@context\":\"https:\/\/schema.org\",\"@graph\":[{\"@type\":\"WebPage\",\"@id\":\"https:\/\/masoveriadellado.com\/politica-de-privacitat\/\",\"url\":\"https:\/\/masoveriadellado.com\/politica-de-privacitat\/\",\"name\":\"Pol\u00edtica de privacitat - Masoveria de Llad\u00f3\",\"isPartOf\":{\"@id\":\"https:\/\/masoveriadellado.com\/#website\"},\"datePublished\":\"2024-05-26T18:05:31+00:00\",\"dateModified\":\"2024-05-26T18:26:59+00:00\",\"breadcrumb\":{\"@id\":\"https:\/\/masoveriadellado.com\/politica-de-privacitat\/#breadcrumb\"},\"inLanguage\":\"fr-FR\",\"potentialAction\":[{\"@type\":\"ReadAction\",\"target\":[\"https:\/\/masoveriadellado.com\/politica-de-privacitat\/\"]}]},{\"@type\":\"BreadcrumbList\",\"@id\":\"https:\/\/masoveriadellado.com\/politica-de-privacitat\/#breadcrumb\",\"itemListElement\":[{\"@type\":\"ListItem\",\"position\":1,\"name\":\"Inici\",\"item\":\"https:\/\/masoveriadellado.com\/\"},{\"@type\":\"ListItem\",\"position\":2,\"name\":\"Pol\u00edtica de privacitat\"}]},{\"@type\":\"WebSite\",\"@id\":\"https:\/\/masoveriadellado.com\/#website\",\"url\":\"https:\/\/masoveriadellado.com\/\",\"name\":\"Masoveria de Llad\u00f3\",\"description\":\"\",\"publisher\":{\"@id\":\"https:\/\/masoveriadellado.com\/#organization\"},\"potentialAction\":[{\"@type\":\"SearchAction\",\"target\":{\"@type\":\"EntryPoint\",\"urlTemplate\":\"https:\/\/masoveriadellado.com\/?s={search_term_string}\"},\"query-input\":{\"@type\":\"PropertyValueSpecification\",\"valueRequired\":true,\"valueName\":\"search_term_string\"}}],\"inLanguage\":\"fr-FR\"},{\"@type\":\"Organization\",\"@id\":\"https:\/\/masoveriadellado.com\/#organization\",\"name\":\"Masoveria de Llad\u00f3\",\"url\":\"https:\/\/masoveriadellado.com\/\",\"logo\":{\"@type\":\"ImageObject\",\"inLanguage\":\"fr-FR\",\"@id\":\"https:\/\/masoveriadellado.com\/#\/schema\/logo\/image\/\",\"url\":\"https:\/\/masoveriadellado.com\/wp-content\/uploads\/2024\/01\/style10-02.jpg\",\"contentUrl\":\"https:\/\/masoveriadellado.com\/wp-content\/uploads\/2024\/01\/style10-02.jpg\",\"width\":1920,\"height\":1307,\"caption\":\"Masoveria de Llad\u00f3\"},\"image\":{\"@id\":\"https:\/\/masoveriadellado.com\/#\/schema\/logo\/image\/\"}}]}<\/script>\n<!-- \/ Yoast SEO plugin. -->","yoast_head_json":{"title":"Pol\u00edtica de privacitat - Masoveria de Llad\u00f3","robots":{"index":"index","follow":"follow","max-snippet":"max-snippet:-1","max-image-preview":"max-image-preview:large","max-video-preview":"max-video-preview:-1"},"canonical":"https:\/\/masoveriadellado.com\/politica-de-privacitat\/","og_locale":"fr_FR","og_type":"article","og_title":"Pol\u00edtica de privacitat - Masoveria de Llad\u00f3","og_description":"Pol\u00edtica de privacitat 1. INFORMACI\u00d3 A L\u2019USUARI Qui \u00e9s el responsable del tractament de les teves dades personals? ALFONS NOGUERA G\u00dcELL \u00e9s el RESPONSABLE del tractament de les dades personals de l\u2019USUARI i us informa que aquestes dades seran tractades &hellip; Read More","og_url":"https:\/\/masoveriadellado.com\/politica-de-privacitat\/","og_site_name":"Masoveria de Llad\u00f3","article_modified_time":"2024-05-26T18:26:59+00:00","twitter_card":"summary_large_image","twitter_misc":{"Dur\u00e9e de lecture estim\u00e9e":"4 minutes"},"schema":{"@context":"https:\/\/schema.org","@graph":[{"@type":"WebPage","@id":"https:\/\/masoveriadellado.com\/politica-de-privacitat\/","url":"https:\/\/masoveriadellado.com\/politica-de-privacitat\/","name":"Pol\u00edtica de privacitat - Masoveria de Llad\u00f3","isPartOf":{"@id":"https:\/\/masoveriadellado.com\/#website"},"datePublished":"2024-05-26T18:05:31+00:00","dateModified":"2024-05-26T18:26:59+00:00","breadcrumb":{"@id":"https:\/\/masoveriadellado.com\/politica-de-privacitat\/#breadcrumb"},"inLanguage":"fr-FR","potentialAction":[{"@type":"ReadAction","target":["https:\/\/masoveriadellado.com\/politica-de-privacitat\/"]}]},{"@type":"BreadcrumbList","@id":"https:\/\/masoveriadellado.com\/politica-de-privacitat\/#breadcrumb","itemListElement":[{"@type":"ListItem","position":1,"name":"Inici","item":"https:\/\/masoveriadellado.com\/"},{"@type":"ListItem","position":2,"name":"Pol\u00edtica de privacitat"}]},{"@type":"WebSite","@id":"https:\/\/masoveriadellado.com\/#website","url":"https:\/\/masoveriadellado.com\/","name":"Masoveria de Llad\u00f3","description":"","publisher":{"@id":"https:\/\/masoveriadellado.com\/#organization"},"potentialAction":[{"@type":"SearchAction","target":{"@type":"EntryPoint","urlTemplate":"https:\/\/masoveriadellado.com\/?s={search_term_string}"},"query-input":{"@type":"PropertyValueSpecification","valueRequired":true,"valueName":"search_term_string"}}],"inLanguage":"fr-FR"},{"@type":"Organization","@id":"https:\/\/masoveriadellado.com\/#organization","name":"Masoveria de Llad\u00f3","url":"https:\/\/masoveriadellado.com\/","logo":{"@type":"ImageObject","inLanguage":"fr-FR","@id":"https:\/\/masoveriadellado.com\/#\/schema\/logo\/image\/","url":"https:\/\/masoveriadellado.com\/wp-content\/uploads\/2024\/01\/style10-02.jpg","contentUrl":"https:\/\/masoveriadellado.com\/wp-content\/uploads\/2024\/01\/style10-02.jpg","width":1920,"height":1307,"caption":"Masoveria de Llad\u00f3"},"image":{"@id":"https:\/\/masoveriadellado.com\/#\/schema\/logo\/image\/"}}]}},"_links":{"self":[{"href":"https:\/\/masoveriadellado.com\/fr\/wp-json\/wp\/v2\/pages\/2020","targetHints":{"allow":["GET"]}}],"collection":[{"href":"https:\/\/masoveriadellado.com\/fr\/wp-json\/wp\/v2\/pages"}],"about":[{"href":"https:\/\/masoveriadellado.com\/fr\/wp-json\/wp\/v2\/types\/page"}],"author":[{"embeddable":true,"href":"https:\/\/masoveriadellado.com\/fr\/wp-json\/wp\/v2\/users\/1"}],"replies":[{"embeddable":true,"href":"https:\/\/masoveriadellado.com\/fr\/wp-json\/wp\/v2\/comments?post=2020"}],"version-history":[{"count":2,"href":"https:\/\/masoveriadellado.com\/fr\/wp-json\/wp\/v2\/pages\/2020\/revisions"}],"predecessor-version":[{"id":2025,"href":"https:\/\/masoveriadellado.com\/fr\/wp-json\/wp\/v2\/pages\/2020\/revisions\/2025"}],"wp:attachment":[{"href":"https:\/\/masoveriadellado.com\/fr\/wp-json\/wp\/v2\/media?parent=2020"}],"curies":[{"name":"wp","href":"https:\/\/api.w.org\/{rel}","templated":true}]}}